{"id":21,"date":"2023-08-27T10:24:38","date_gmt":"2023-08-27T08:24:38","guid":{"rendered":"https:\/\/w78.timyx.com\/?page_id=21"},"modified":"2025-05-13T16:58:51","modified_gmt":"2025-05-13T14:58:51","slug":"accueil","status":"publish","type":"page","link":"https:\/\/w78.timyx.com\/","title":{"rendered":"accueil"},"content":{"rendered":"\t\t<div data-elementor-type=\"wp-page\" data-elementor-id=\"21\" class=\"elementor elementor-21\">\n\t\t\t\t\t\t<section class=\"elementor-section elementor-top-section elementor-element elementor-element-1bc984ec elementor-section-boxed elementor-section-height-default elementor-section-height-default\" data-id=\"1bc984ec\" data-element_type=\"section\" data-e-type=\"section\">\n\t\t\t\t\t\t<div class=\"elementor-container elementor-column-gap-default\">\n\t\t\t\t\t<div class=\"elementor-column elementor-col-100 elementor-top-column elementor-element elementor-element-6e678f83\" data-id=\"6e678f83\" data-element_type=\"column\" data-e-type=\"column\">\n\t\t\t<div class=\"elementor-widget-wrap elementor-element-populated\">\n\t\t\t\t\t\t<div class=\"elementor-element elementor-element-4510d90b elementor-widget elementor-widget-text-editor\" data-id=\"4510d90b\" data-element_type=\"widget\" data-e-type=\"widget\" data-widget_type=\"text-editor.default\">\n\t\t\t\t<div class=\"elementor-widget-container\">\n\t\t\t\t\t\t\t\t\t\n<META HTTP-EQUIV=\u201drefresh\u201d CONTENT=\u201d1; URL=\"https:\/\/www.timyx.com\/\u201d>\n\t\t\t\t\t\t\t\t<\/div>\n\t\t\t\t<\/div>\n\t\t\t\t\t<\/div>\n\t\t<\/div>\n\t\t\t\t\t<\/div>\n\t\t<\/section>\n\t\t\t\t<section class=\"elementor-section elementor-top-section elementor-element elementor-element-ae4198e elementor-section-boxed elementor-section-height-default elementor-section-height-default\" data-id=\"ae4198e\" data-element_type=\"section\" data-e-type=\"section\">\n\t\t\t\t\t\t<div class=\"elementor-container elementor-column-gap-default\">\n\t\t\t\t\t<div class=\"elementor-column elementor-col-100 elementor-top-column elementor-element elementor-element-2d1d987\" data-id=\"2d1d987\" data-element_type=\"column\" data-e-type=\"column\">\n\t\t\t<div class=\"elementor-widget-wrap elementor-element-populated\">\n\t\t\t\t\t\t<div class=\"elementor-element elementor-element-c0b3a08 elementor-widget elementor-widget-image\" data-id=\"c0b3a08\" data-element_type=\"widget\" data-e-type=\"widget\" data-widget_type=\"image.default\">\n\t\t\t\t<div class=\"elementor-widget-container\">\n\t\t\t\t\t\t\t\t\t\t\t\t\t\t\t<img fetchpriority=\"high\" decoding=\"async\" width=\"768\" height=\"229\" src=\"https:\/\/w78.timyx.com\/wp-content\/uploads\/sites\/8\/2023\/08\/paiement-en-ligne-cb1-768x229.png\" class=\"attachment-medium_large size-medium_large wp-image-44\" alt=\"\" srcset=\"https:\/\/w78.timyx.com\/wp-content\/uploads\/sites\/8\/2023\/08\/paiement-en-ligne-cb1-768x229.png 768w, https:\/\/w78.timyx.com\/wp-content\/uploads\/sites\/8\/2023\/08\/paiement-en-ligne-cb1-300x90.png 300w, https:\/\/w78.timyx.com\/wp-content\/uploads\/sites\/8\/2023\/08\/paiement-en-ligne-cb1-600x179.png 600w, https:\/\/w78.timyx.com\/wp-content\/uploads\/sites\/8\/2023\/08\/paiement-en-ligne-cb1.png 958w\" sizes=\"(max-width: 768px) 100vw, 768px\" \/>\t\t\t\t\t\t\t\t\t\t\t\t\t\t\t<\/div>\n\t\t\t\t<\/div>\n\t\t\t\t\t<\/div>\n\t\t<\/div>\n\t\t\t\t\t<\/div>\n\t\t<\/section>\n\t\t\t\t<section class=\"elementor-section elementor-top-section elementor-element elementor-element-4f82331 elementor-section-boxed elementor-section-height-default elementor-section-height-default\" data-id=\"4f82331\" data-element_type=\"section\" data-e-type=\"section\">\n\t\t\t\t\t\t<div class=\"elementor-container elementor-column-gap-default\">\n\t\t\t\t\t<div class=\"elementor-column elementor-col-100 elementor-top-column elementor-element elementor-element-42a4761\" data-id=\"42a4761\" data-element_type=\"column\" data-e-type=\"column\">\n\t\t\t<div class=\"elementor-widget-wrap elementor-element-populated\">\n\t\t\t\t\t\t<div class=\"elementor-element elementor-element-d4083db elementor-widget elementor-widget-shortcode\" data-id=\"d4083db\" data-element_type=\"widget\" data-e-type=\"widget\" data-widget_type=\"shortcode.default\">\n\t\t\t\t<div class=\"elementor-widget-container\">\n\t\t\t\t\t\t\t<div class=\"elementor-shortcode\"><div class=\"forminator-ui forminator-custom-form forminator-custom-form-34 forminator-design--material  forminator_ajax\" data-forminator-render=\"0\" data-form=\"forminator-module-34\" data-uid=\"6a07e2d6062a9\"><br\/><\/div><form\n\t\t\t\tid=\"forminator-module-34\"\n\t\t\t\tclass=\"forminator-ui forminator-custom-form forminator-custom-form-34 forminator-design--material  forminator_ajax\"\n\t\t\t\tmethod=\"post\"\n\t\t\t\tdata-forminator-render=\"0\"\n\t\t\t\tdata-form-id=\"34\"\n\t\t\t\t data-color-option=\"default\" data-design=\"material\" data-grid=\"open\" style=\"display: none;\"\n\t\t\t\tdata-uid=\"6a07e2d6062a9\"\n\t\t\t><div role=\"alert\" aria-live=\"polite\" class=\"forminator-response-message forminator-error\" aria-hidden=\"true\"><\/div><div class=\"forminator-row\"><div id=\"group-1\" class=\"forminator-field-group forminator-col forminator-col-12 \"><label class=\"forminator-label forminator-repeater-label\">Vos coordonn\u00e9es<\/label><div class=\"forminator-all-group-copies forminator-repeater-field\"><div class=\"forminator-grouped-fields\" data-options=\"{&quot;is_repeater&quot;:true,&quot;min_type&quot;:&quot;custom&quot;,&quot;max_type&quot;:&quot;custom&quot;,&quot;min&quot;:1,&quot;max&quot;:9223372036854775807,&quot;add_text&quot;:&quot;Ajouter un \\u00e9l\\u00e9ment&quot;,&quot;remove_text&quot;:&quot;Retirer l\\u2018\\u00e9l\\u00e9ment&quot;,&quot;action_element_type&quot;:&quot;button&quot;}\"><div class=\"forminator-row\"><div id=\"name-1\" class=\"forminator-field-name forminator-col forminator-col-12 \"><div class=\"forminator-field\"><label for=\"forminator-field-name-1_6a07e2d6062a9\" id=\"forminator-field-name-1_6a07e2d6062a9-label\" class=\"forminator-label\">Nom<\/label><input type=\"text\" name=\"name-1\" value=\"\" placeholder=\"Par exemple\u00a0: Jacques Martin\" id=\"forminator-field-name-1_6a07e2d6062a9\" class=\"forminator-input forminator-name--field\" aria-required=\"false\" autocomplete=\"name\" \/><\/div><\/div><\/div><div class=\"forminator-row\"><div id=\"email-1\" class=\"forminator-field-email forminator-col forminator-col-12 \"><div class=\"forminator-field\"><label for=\"forminator-field-email-1_6a07e2d6062a9\" id=\"forminator-field-email-1_6a07e2d6062a9-label\" class=\"forminator-label\">Adresse de messagerie<\/label><input type=\"email\" name=\"email-1\" value=\"\" placeholder=\"Par exemple\u00a0: jacques@martin.com\" id=\"forminator-field-email-1_6a07e2d6062a9\" class=\"forminator-input forminator-email--field\" data-required=\"\" aria-required=\"false\" autocomplete=\"email\" \/><\/div><\/div><\/div><div class=\"forminator-row forminator-action-buttons\"><div class=\"forminator-col forminator-col-12\"><input type=\"button\" value=\"Ajouter un \u00e9l\u00e9ment\" class=\"forminator-repeater-action-button forminator-repeater-add\" \/><input type=\"button\" value=\"Retirer l\u2018\u00e9l\u00e9ment\" class=\"forminator-repeater-action-button forminator-repeater-remove\" \/><\/div><\/div><\/div><\/div><\/div><\/div><div class=\"forminator-row\"><div id=\"group-2\" class=\"forminator-field-group forminator-col forminator-col-12 \"><label class=\"forminator-label forminator-repeater-label\">R\u00e9f\u00e9rence de votre paiement<\/label><div class=\"forminator-all-group-copies forminator-repeater-field\"><div class=\"forminator-grouped-fields\" data-options=\"{&quot;is_repeater&quot;:true,&quot;min_type&quot;:&quot;custom&quot;,&quot;max_type&quot;:&quot;custom&quot;,&quot;min&quot;:1,&quot;max&quot;:9223372036854775807,&quot;add_text&quot;:&quot;Ajouter un \\u00e9l\\u00e9ment&quot;,&quot;remove_text&quot;:&quot;Retirer l\\u2018\\u00e9l\\u00e9ment&quot;,&quot;action_element_type&quot;:&quot;button&quot;}\"><div class=\"forminator-row\"><div id=\"text-1\" class=\"forminator-field-text forminator-col forminator-col-12 \"><div class=\"forminator-field\"><label for=\"forminator-field-text-1_6a07e2d6062a9\" id=\"forminator-field-text-1_6a07e2d6062a9-label\" class=\"forminator-label\">Code client<\/label><input type=\"text\" name=\"text-1\" value=\"\" placeholder=\"Par exemple\u00a0: texte indicatif\" id=\"forminator-field-text-1_6a07e2d6062a9\" class=\"forminator-input forminator-name--field\" data-required=\"\" \/><\/div><\/div><\/div><div class=\"forminator-row\"><div id=\"text-2\" class=\"forminator-field-text forminator-col forminator-col-12 \"><div class=\"forminator-field\"><label for=\"forminator-field-text-2_6a07e2d6062a9\" id=\"forminator-field-text-2_6a07e2d6062a9-label\" class=\"forminator-label\">N\u00b0 de pi\u00e8ce<\/label><input type=\"text\" name=\"text-2\" value=\"\" placeholder=\"Par exemple\u00a0: texte indicatif\" id=\"forminator-field-text-2_6a07e2d6062a9\" class=\"forminator-input forminator-name--field\" data-required=\"\" \/><\/div><\/div><\/div><div class=\"forminator-row\"><div id=\"currency-1\" class=\"forminator-field-currency forminator-col forminator-col-12 \"><div class=\"forminator-field\"><label for=\"forminator-field-currency-1_6a07e2d6062a9\" id=\"forminator-field-currency-1_6a07e2d6062a9-label\" class=\"forminator-label\">Montant \u00e0 payer<\/label><div class=\"forminator-input-with-suffix\"><input name=\"currency-1\" value=\"\" placeholder=\"Par exemple\u00a0: 10\" id=\"forminator-field-currency-1_6a07e2d6062a9\" class=\"forminator-input forminator-currency\" data-required=\"\" aria-required=\"\" data-decimals=\"2\" data-inputmask=\"&#039;groupSeparator&#039;: &#039;&#039;, &#039;radixPoint&#039;: &#039;.&#039;, &#039;digits&#039;: &#039;2&#039;\" data-hidden-behavior=\"zero\" type=\"number\" step=\"any\" \/><span class=\"forminator-suffix\">EUR<\/span><\/div><\/div><\/div><\/div><div class=\"forminator-row forminator-action-buttons\"><div class=\"forminator-col forminator-col-12\"><input type=\"button\" value=\"Ajouter un \u00e9l\u00e9ment\" class=\"forminator-repeater-action-button forminator-repeater-add\" \/><input type=\"button\" value=\"Retirer l\u2018\u00e9l\u00e9ment\" class=\"forminator-repeater-action-button forminator-repeater-remove\" \/><\/div><\/div><\/div><\/div><\/div><\/div><div class=\"forminator-row\"><div id=\"stripe-ocs-1\" class=\"forminator-field-stripe-ocs forminator-col forminator-col-12 \"><div class=\"forminator-field\"><label for=\"stripe-ocs-1-field\" id=\"stripe-ocs-1-field-label\" class=\"forminator-label\">Carte de cr\u00e9dit\/d\u00e9bit <span class=\"forminator-required\">*<\/span><\/label><div class=\"forminator-input--wrap forminator-input--stripe\"><div id=\"payment-element-6a07e2d6062a9\" data-elements-options=\"{\n    &quot;loader&quot;: &quot;always&quot;,\n    &quot;locale&quot;: &quot;auto&quot;,\n    &quot;paymentMethodCreation&quot;: &quot;manual&quot;,\n    &quot;appearance&quot;: {\n        &quot;theme&quot;: &quot;stripe&quot;,\n        &quot;variables&quot;: {\n            &quot;fontWeightNormal&quot;: &quot;400&quot;,\n            &quot;fontSizeBase&quot;: &quot;16px&quot;,\n            &quot;iconColor&quot;: &quot;#777771&quot;,\n            &quot;iconHoverColor&quot;: &quot;#097BAA&quot;,\n            &quot;iconCardErrorColor&quot;: &quot;#E51919&quot;,\n            &quot;iconCardCvcErrorColor&quot;: &quot;#E51919&quot;,\n            &quot;colorTextPlaceholder&quot;: &quot;#888888&quot;\n        }\n    },\n    &quot;paymentMethodTypes&quot;: [\n        &quot;card&quot;\n    ]\n}\" data-payment-options=\"{\n    &quot;layout&quot;: {\n        &quot;type&quot;: &quot;tabs&quot;,\n        &quot;defaultCollapsed&quot;: false\n    },\n    &quot;wallets&quot;: {\n        &quot;applePay&quot;: &quot;never&quot;,\n        &quot;googlePay&quot;: &quot;never&quot;\n    }\n}\" data-field-id=\"6a07e2d6062a9\" data-is-payment=\"true\" data-payment-type=\"stripe\" data-is-ocs=\"1\" data-secret=\"\" data-paymentid=\"\" data-currency=\"eur\" data-key=\"pk_live_51MHMedGDDfX29Fu9KFhza7H6KhzezQ30XCZvZQNetJoZoF8aEhecJjv4EPKl16xVyGE3D173wNJ4AwyHZmX8Paea00NTvp0A3l\" data-receipt=\"1\" data-receipt-email=\"email-1\" data-billing=\"\" data-billing-name=\"\" data-billing-email=\"\" data-billing-phone=\"\" data-billing-address=\"\" data-return-url=\"https:\/\/stripe.com\" class=\"forminator-stripe-element forminator-stripe-payment-element\"><\/div><input type=\"hidden\" name=\"paymentid\" value=\"\" id=\"forminator-stripe-paymentid\"\/><input type=\"hidden\" name=\"paymentmethod\" value=\"\" id=\"forminator-stripe-paymentmethod\"\/><input type=\"hidden\" name=\"subscriptionid\" value=\"\" id=\"forminator-stripe-subscriptionid\"\/><\/div><span class=\"forminator-card-message\"><span class=\"forminator-error-message\" aria-hidden=\"true\"><\/span><\/span><\/div><\/div><\/div><div class=\"forminator-row\"><div id=\"stripe-1\" class=\"forminator-field-stripe forminator-col forminator-col-12 \"><\/div><\/div><div class=\"forminator-row\"><div id=\"consent-1\" class=\"forminator-field-consent forminator-col forminator-col-12 \"><div class=\"forminator-field\"><label for=\"forminator-field-consent-1_6a07e2d6062a9\" id=\"forminator-field-consent-1_6a07e2d6062a9-label\" class=\"forminator-label\">Donn\u00e9es personnelles <span class=\"forminator-required\">*<\/span><\/label><div class=\"forminator-checkbox__wrapper\"><label id=\"forminator-field-consent-1_6a07e2d6062a9__label\" class=\"forminator-checkbox forminator-consent\"><input type=\"checkbox\" name=\"consent-1\" id=\"forminator-field-consent-1_6a07e2d6062a9\" value=\"checked\" aria-labelledby=\"forminator-field-consent-1_6a07e2d6062a9-label\" aria-describedby=\"forminator-field-consent-1_6a07e2d6062a9__description\" data-required=\"true\" aria-required=\"true\" \/><span class=\"forminator-checkbox-box\" aria-hidden=\"true\"><\/span><\/label><div id=\"forminator-field-consent-1_6a07e2d6062a9__description\" class=\"forminator-checkbox__label forminator-consent__label\"><p>En soumettant ce formulaire, j\u2019accepte que mes informations soient utilis\u00e9es exclusivement dans le cadre de ma demande et de la relation commerciale \u00e9thique et personnalis\u00e9e qui pourrait en d\u00e9couler si je le souhaite.<\/p><\/div><\/div><\/div><\/div><\/div><input type=\"hidden\" name=\"referer_url\" value=\"\" \/><div class=\"forminator-row forminator-row-last\"><div class=\"forminator-col\"><div class=\"forminator-field\"><button class=\"forminator-button forminator-button-submit\"><span>Cr&eacute;er une publication<\/span><span aria-hidden=\"true\"><\/span><\/button><\/div><\/div><\/div><input type=\"hidden\" id=\"forminator_nonce\" name=\"forminator_nonce\" value=\"c7346c1b1b\" \/><input type=\"hidden\" name=\"_wp_http_referer\" value=\"\/index.php?rest_route=%2Fwp%2Fv2%2Fpages%2F21\" \/><input type=\"hidden\" name=\"form_id\" value=\"34\"><input type=\"hidden\" name=\"page_id\" value=\"21\"><input type=\"hidden\" name=\"form_type\" value=\"default\"><input type=\"hidden\" name=\"current_url\" value=\"https:\/\/w78.timyx.com\/\"><input type=\"hidden\" name=\"render_id\" value=\"0\"><input type=\"hidden\" name=\"action\" value=\"forminator_submit_form_custom-forms\"><\/form><\/div>\n\t\t\t\t\t\t<\/div>\n\t\t\t\t<\/div>\n\t\t\t\t\t<\/div>\n\t\t<\/div>\n\t\t\t\t\t<\/div>\n\t\t<\/section>\n\t\t\t\t<\/div>\n\t\t","protected":false},"excerpt":{"rendered":"","protected":false},"author":1,"featured_media":0,"parent":0,"menu_order":0,"comment_status":"closed","ping_status":"closed","template":"","meta":{"site-sidebar-layout":"no-sidebar","site-content-layout":"page-builder","ast-site-content-layout":"default","site-content-style":"default","site-sidebar-style":"default","ast-global-header-display":"","ast-banner-title-visibility":"","ast-main-header-display":"","ast-hfb-above-header-display":"","ast-hfb-below-header-display":"","ast-hfb-mobile-header-display":"","site-post-title":"disabled","ast-breadcrumbs-content":"","ast-featured-img":"disabled","footer-sml-layout":"","ast-disable-related-posts":"","theme-transparent-header-meta":"","adv-header-id-meta":"","stick-header-meta":"","header-above-stick-meta":"","header-main-stick-meta":"","header-below-stick-meta":"","astra-migrate-meta-layouts":"","ast-page-background-enabled":"default","ast-page-background-meta":{"desktop":{"background-color":"var(--ast-global-color-4)","background-image":"","background-repeat":"repeat","background-position":"center center","background-size":"auto","background-attachment":"scroll","background-type":"","background-media":"","overlay-type":"","overlay-color":"","overlay-opacity":"","overlay-gradient":""},"tablet":{"background-color":"","background-image":"","background-repeat":"repeat","background-position":"center center","background-size":"auto","background-attachment":"scroll","background-type":"","background-media":"","overlay-type":"","overlay-color":"","overlay-opacity":"","overlay-gradient":""},"mobile":{"background-color":"","background-image":"","background-repeat":"repeat","background-position":"center center","background-size":"auto","background-attachment":"scroll","background-type":"","background-media":"","overlay-type":"","overlay-color":"","overlay-opacity":"","overlay-gradient":""}},"ast-content-background-meta":{"desktop":{"background-color":"var(--ast-global-color-5)","background-image":"","background-repeat":"repeat","background-position":"center center","background-size":"auto","background-attachment":"scroll","background-type":"","background-media":"","overlay-type":"","overlay-color":"","overlay-opacity":"","overlay-gradient":""},"tablet":{"background-color":"var(--ast-global-color-5)","background-image":"","background-repeat":"repeat","background-position":"center center","background-size":"auto","background-attachment":"scroll","background-type":"","background-media":"","overlay-type":"","overlay-color":"","overlay-opacity":"","overlay-gradient":""},"mobile":{"background-color":"var(--ast-global-color-5)","background-image":"","background-repeat":"repeat","background-position":"center center","background-size":"auto","background-attachment":"scroll","background-type":"","background-media":"","overlay-type":"","overlay-color":"","overlay-opacity":"","overlay-gradient":""}},"footnotes":""},"class_list":["post-21","page","type-page","status-publish","hentry"],"_links":{"self":[{"href":"https:\/\/w78.timyx.com\/index.php?rest_route=\/wp\/v2\/pages\/21","targetHints":{"allow":["GET"]}}],"collection":[{"href":"https:\/\/w78.timyx.com\/index.php?rest_route=\/wp\/v2\/pages"}],"about":[{"href":"https:\/\/w78.timyx.com\/index.php?rest_route=\/wp\/v2\/types\/page"}],"author":[{"embeddable":true,"href":"https:\/\/w78.timyx.com\/index.php?rest_route=\/wp\/v2\/users\/1"}],"replies":[{"embeddable":true,"href":"https:\/\/w78.timyx.com\/index.php?rest_route=%2Fwp%2Fv2%2Fcomments&post=21"}],"version-history":[{"count":5,"href":"https:\/\/w78.timyx.com\/index.php?rest_route=\/wp\/v2\/pages\/21\/revisions"}],"predecessor-version":[{"id":64,"href":"https:\/\/w78.timyx.com\/index.php?rest_route=\/wp\/v2\/pages\/21\/revisions\/64"}],"wp:attachment":[{"href":"https:\/\/w78.timyx.com\/index.php?rest_route=%2Fwp%2Fv2%2Fmedia&parent=21"}],"curies":[{"name":"wp","href":"https:\/\/api.w.org\/{rel}","templated":true}]}}